{"id":9,"date":"2015-10-19T22:37:53","date_gmt":"2015-10-19T20:37:53","guid":{"rendered":"http:\/\/localhost:8888\/?page_id=9"},"modified":"2022-01-12T23:56:00","modified_gmt":"2022-01-12T22:56:00","slug":"info","status":"publish","type":"page","link":"https:\/\/www.juliasjoberg.com\/?page_id=9","title":{"rendered":"Info"},"content":{"rendered":"<p>I sjutton \u00e5r har jag arbetat som frilansfotograf. Det b\u00e4sta med jobbet \u00e4r att st\u00e4ndigt f\u00e5 se nya platser, tr\u00e4ffa nya m\u00e4nniskor och tillsammans med dem skapa levande, snygga bilder. Det viktigaste f\u00f6r mig, f\u00f6rutom ett bra resultat vad g\u00e4ller det estetiska och det tekniska, \u00e4r att den jag fotograferar k\u00e4nner sig bekv\u00e4m framf\u00f6r kameran och att vi har roligt n\u00e4r vi tar bilderna.<\/p>\n<p>Utbildad vid Fotoskolan i G\u00f6teborg 1997-1998, samt H\u00f6gskolan f\u00f6r fotografi och film, G\u00f6teborgs Universitet, 2000-2003.<br \/>\nMedlem i Fotografernas f\u00f6rbund och Journalistf\u00f6rbundet. Ansluten till bildbyr\u00e5n <strong><a href=\"https:\/\/www.folio.se\/Search?sortOrder=date_desc&amp;searchString=Julia%20Sj%C3%B6berg&amp;page=1\" target=\"blank\" rel=\"noopener noreferrer\">Folio<\/a><\/strong>.<\/p>\n<p><a href=\"https:\/\/www.instagram.com\/fotografjuliasjoberg\/\" target=\"_blank\" rel=\"noopener noreferrer\"><img loading=\"lazy\" decoding=\"async\" class=\"alignnone wp-image-1575 size-medium\" src=\"http:\/\/www.juliasjoberg.com\/wp-content\/uploads\/2015\/10\/icon_instagram-b-300x300.png\" alt=\"\" width=\"45\" height=\"45\" srcset=\"https:\/\/www.juliasjoberg.com\/wp-content\/uploads\/2015\/10\/icon_instagram-b-300x300.png 300w, https:\/\/www.juliasjoberg.com\/wp-content\/uploads\/2015\/10\/icon_instagram-b-150x150.png 150w, https:\/\/www.juliasjoberg.com\/wp-content\/uploads\/2015\/10\/icon_instagram-b.png 1000w\" sizes=\"auto, (max-width: 45px) 100vw, 45px\" \/><\/a><\/p>\n","protected":false},"excerpt":{"rendered":"<p>I sjutton \u00e5r har jag arbetat som frilansfotograf. Det b\u00e4sta med jobbet \u00e4r att st\u00e4ndigt f\u00e5 se nya platser, tr\u00e4ffa nya m\u00e4nniskor och tillsammans med dem skapa levande, snygga bilder. Det viktigaste f\u00f6r mig, f\u00f6rutom ett bra resultat vad g\u00e4ller det estetiska och det tekniska, \u00e4r att den jag fotograferar k\u00e4nner sig bekv\u00e4m framf\u00f6r kameran [&hellip;]<\/p>\n","protected":false},"author":1,"featured_media":0,"parent":0,"menu_order":0,"comment_status":"closed","ping_status":"closed","template":"page-info.php","meta":{"ngg_post_thumbnail":0,"footnotes":""},"class_list":["post-9","page","type-page","status-publish","hentry"],"_links":{"self":[{"href":"https:\/\/www.juliasjoberg.com\/index.php?rest_route=\/wp\/v2\/pages\/9","targetHints":{"allow":["GET"]}}],"collection":[{"href":"https:\/\/www.juliasjoberg.com\/index.php?rest_route=\/wp\/v2\/pages"}],"about":[{"href":"https:\/\/www.juliasjoberg.com\/index.php?rest_route=\/wp\/v2\/types\/page"}],"author":[{"embeddable":true,"href":"https:\/\/www.juliasjoberg.com\/index.php?rest_route=\/wp\/v2\/users\/1"}],"replies":[{"embeddable":true,"href":"https:\/\/www.juliasjoberg.com\/index.php?rest_route=%2Fwp%2Fv2%2Fcomments&post=9"}],"version-history":[{"count":25,"href":"https:\/\/www.juliasjoberg.com\/index.php?rest_route=\/wp\/v2\/pages\/9\/revisions"}],"predecessor-version":[{"id":4593,"href":"https:\/\/www.juliasjoberg.com\/index.php?rest_route=\/wp\/v2\/pages\/9\/revisions\/4593"}],"wp:attachment":[{"href":"https:\/\/www.juliasjoberg.com\/index.php?rest_route=%2Fwp%2Fv2%2Fmedia&parent=9"}],"curies":[{"name":"wp","href":"https:\/\/api.w.org\/{rel}","templated":true}]}}